{"id":206,"date":"2015-07-14T14:50:10","date_gmt":"2015-07-14T14:50:10","guid":{"rendered":"http:\/\/test.kriesi.at\/minimal-portfolio\/?page_id=9"},"modified":"2025-02-24T22:24:54","modified_gmt":"2025-02-25T03:24:54","slug":"home","status":"publish","type":"page","link":"https:\/\/ultratone.com.co\/","title":{"rendered":"INICIO"},"content":{"rendered":"<div id='full_slider_1'  class='avia-fullwidth-slider main_color avia-shadow   avia-builder-el-0  el_before_av_section  avia-builder-el-first   container_wrap fullsize'  ><div  class='avia-slideshow av-77x7q6-348e82b2e3bb5049f9c10a06b83036e6 avia-slideshow-no scaling av_slideshow_full avia-fade-slider av-slideshow-ui av-control-minimal av-slideshow-manual av-loop-once av-loop-manual-endless av-default-height-applied   avia-slideshow-1' data-slideshow-options=\"{&quot;animation&quot;:&quot;fade&quot;,&quot;autoplay&quot;:false,&quot;loop_autoplay&quot;:&quot;once&quot;,&quot;interval&quot;:5,&quot;loop_manual&quot;:&quot;manual-endless&quot;,&quot;autoplay_stopper&quot;:false,&quot;noNavigation&quot;:false,&quot;bg_slider&quot;:false,&quot;keep_padding&quot;:false,&quot;hoverpause&quot;:false,&quot;show_slide_delay&quot;:0}\"  itemprop=\"image\" itemscope=\"itemscope\" itemtype=\"https:\/\/schema.org\/ImageObject\" ><ul class='avia-slideshow-inner ' style='padding-bottom: 28.666666666667%;'><li  class='avia-slideshow-slide av-77x7q6-348e82b2e3bb5049f9c10a06b83036e6__0  slide-1 slide-odd'><div data-rel='slideshow-1' class='avia-slide-wrap '   ><img decoding=\"async\" fetchpriority=\"high\" class=\"wp-image-490 avia-img-lazy-loading-not-490\"  src=\"https:\/\/ultratone.com.co\/wp-content\/uploads\/2025\/02\/Dreamshaper-2016-11.jpg\" width=\"1500\" height=\"430\" title='Dreamshaper-2016-11' alt=''  itemprop=\"thumbnailUrl\" srcset=\"https:\/\/ultratone.com.co\/wp-content\/uploads\/2025\/02\/Dreamshaper-2016-11.jpg 1500w, https:\/\/ultratone.com.co\/wp-content\/uploads\/2025\/02\/Dreamshaper-2016-11-300x86.jpg 300w, https:\/\/ultratone.com.co\/wp-content\/uploads\/2025\/02\/Dreamshaper-2016-11-1030x295.jpg 1030w, https:\/\/ultratone.com.co\/wp-content\/uploads\/2025\/02\/Dreamshaper-2016-11-768x220.jpg 768w, https:\/\/ultratone.com.co\/wp-content\/uploads\/2025\/02\/Dreamshaper-2016-11-705x202.jpg 705w\" sizes=\"(max-width: 1500px) 100vw, 1500px\" \/><\/div><\/li><li  class='avia-slideshow-slide av-77x7q6-348e82b2e3bb5049f9c10a06b83036e6__1  slide-2 slide-even'><div data-rel='slideshow-1' class='avia-slide-wrap '   ><img decoding=\"async\" fetchpriority=\"high\" class=\"wp-image-491 avia-img-lazy-loading-not-491\"  src=\"https:\/\/ultratone.com.co\/wp-content\/uploads\/2025\/02\/equipos-de-ultratone1.jpg\" width=\"1210\" height=\"347\" title='equipos-de-ultratone1' alt=''  itemprop=\"thumbnailUrl\" srcset=\"https:\/\/ultratone.com.co\/wp-content\/uploads\/2025\/02\/equipos-de-ultratone1.jpg 1210w, https:\/\/ultratone.com.co\/wp-content\/uploads\/2025\/02\/equipos-de-ultratone1-300x86.jpg 300w, https:\/\/ultratone.com.co\/wp-content\/uploads\/2025\/02\/equipos-de-ultratone1-1030x295.jpg 1030w, https:\/\/ultratone.com.co\/wp-content\/uploads\/2025\/02\/equipos-de-ultratone1-768x220.jpg 768w, https:\/\/ultratone.com.co\/wp-content\/uploads\/2025\/02\/equipos-de-ultratone1-705x202.jpg 705w\" sizes=\"(max-width: 1210px) 100vw, 1210px\" \/><\/div><\/li><li  class='avia-slideshow-slide av-77x7q6-348e82b2e3bb5049f9c10a06b83036e6__2  slide-3 slide-odd'><div data-rel='slideshow-1' class='avia-slide-wrap '   ><img decoding=\"async\" fetchpriority=\"high\" class=\"wp-image-493 avia-img-lazy-loading-not-493\"  src=\"https:\/\/ultratone.com.co\/wp-content\/uploads\/2025\/02\/Excel-Pro-2016-11.jpg\" width=\"1500\" height=\"430\" title='Excel-Pro-2016-11' alt=''  itemprop=\"thumbnailUrl\" srcset=\"https:\/\/ultratone.com.co\/wp-content\/uploads\/2025\/02\/Excel-Pro-2016-11.jpg 1500w, https:\/\/ultratone.com.co\/wp-content\/uploads\/2025\/02\/Excel-Pro-2016-11-300x86.jpg 300w, https:\/\/ultratone.com.co\/wp-content\/uploads\/2025\/02\/Excel-Pro-2016-11-1030x295.jpg 1030w, https:\/\/ultratone.com.co\/wp-content\/uploads\/2025\/02\/Excel-Pro-2016-11-768x220.jpg 768w, https:\/\/ultratone.com.co\/wp-content\/uploads\/2025\/02\/Excel-Pro-2016-11-705x202.jpg 705w\" sizes=\"(max-width: 1500px) 100vw, 1500px\" \/><\/div><\/li><li  class='avia-slideshow-slide av-77x7q6-348e82b2e3bb5049f9c10a06b83036e6__3  slide-4 slide-even'><div data-rel='slideshow-1' class='avia-slide-wrap '   ><img decoding=\"async\" fetchpriority=\"high\" class=\"wp-image-495 avia-img-lazy-loading-not-495\"  src=\"https:\/\/ultratone.com.co\/wp-content\/uploads\/2025\/02\/Facial-Plus-2016-11.jpg\" width=\"1500\" height=\"430\" title='Facial-Plus-2016-11' alt=''  itemprop=\"thumbnailUrl\" srcset=\"https:\/\/ultratone.com.co\/wp-content\/uploads\/2025\/02\/Facial-Plus-2016-11.jpg 1500w, https:\/\/ultratone.com.co\/wp-content\/uploads\/2025\/02\/Facial-Plus-2016-11-300x86.jpg 300w, https:\/\/ultratone.com.co\/wp-content\/uploads\/2025\/02\/Facial-Plus-2016-11-1030x295.jpg 1030w, https:\/\/ultratone.com.co\/wp-content\/uploads\/2025\/02\/Facial-Plus-2016-11-768x220.jpg 768w, https:\/\/ultratone.com.co\/wp-content\/uploads\/2025\/02\/Facial-Plus-2016-11-705x202.jpg 705w\" sizes=\"(max-width: 1500px) 100vw, 1500px\" \/><\/div><\/li><li  class='avia-slideshow-slide av-77x7q6-348e82b2e3bb5049f9c10a06b83036e6__4  slide-5 slide-odd'><div data-rel='slideshow-1' class='avia-slide-wrap '   ><img decoding=\"async\" fetchpriority=\"high\" class=\"wp-image-497 avia-img-lazy-loading-not-497\"  src=\"https:\/\/ultratone.com.co\/wp-content\/uploads\/2025\/02\/Futura-Plus-2016-11.jpg\" width=\"1500\" height=\"430\" title='Futura-Plus-2016-11' alt=''  itemprop=\"thumbnailUrl\" srcset=\"https:\/\/ultratone.com.co\/wp-content\/uploads\/2025\/02\/Futura-Plus-2016-11.jpg 1500w, https:\/\/ultratone.com.co\/wp-content\/uploads\/2025\/02\/Futura-Plus-2016-11-300x86.jpg 300w, https:\/\/ultratone.com.co\/wp-content\/uploads\/2025\/02\/Futura-Plus-2016-11-1030x295.jpg 1030w, https:\/\/ultratone.com.co\/wp-content\/uploads\/2025\/02\/Futura-Plus-2016-11-768x220.jpg 768w, https:\/\/ultratone.com.co\/wp-content\/uploads\/2025\/02\/Futura-Plus-2016-11-705x202.jpg 705w\" sizes=\"(max-width: 1500px) 100vw, 1500px\" \/><\/div><\/li><li  class='avia-slideshow-slide av-77x7q6-348e82b2e3bb5049f9c10a06b83036e6__5  slide-6 slide-even'><div data-rel='slideshow-1' class='avia-slide-wrap '   ><img decoding=\"async\" fetchpriority=\"high\" class=\"wp-image-498 avia-img-lazy-loading-not-498\"  src=\"https:\/\/ultratone.com.co\/wp-content\/uploads\/2025\/02\/futura-pro1.jpg\" width=\"1210\" height=\"347\" title='futura-pro1' alt=''  itemprop=\"thumbnailUrl\" srcset=\"https:\/\/ultratone.com.co\/wp-content\/uploads\/2025\/02\/futura-pro1.jpg 1210w, https:\/\/ultratone.com.co\/wp-content\/uploads\/2025\/02\/futura-pro1-300x86.jpg 300w, https:\/\/ultratone.com.co\/wp-content\/uploads\/2025\/02\/futura-pro1-1030x295.jpg 1030w, https:\/\/ultratone.com.co\/wp-content\/uploads\/2025\/02\/futura-pro1-768x220.jpg 768w, https:\/\/ultratone.com.co\/wp-content\/uploads\/2025\/02\/futura-pro1-705x202.jpg 705w\" sizes=\"(max-width: 1210px) 100vw, 1210px\" \/><\/div><\/li><li  class='avia-slideshow-slide av-77x7q6-348e82b2e3bb5049f9c10a06b83036e6__6  slide-7 slide-odd'><div data-rel='slideshow-1' class='avia-slide-wrap '   ><img decoding=\"async\" fetchpriority=\"high\" class=\"wp-image-500 avia-img-lazy-loading-not-500\"  src=\"https:\/\/ultratone.com.co\/wp-content\/uploads\/2025\/02\/Futura-Pro-2016-11.jpg\" width=\"1500\" height=\"430\" title='Futura-Pro-2016-11' alt=''  itemprop=\"thumbnailUrl\" srcset=\"https:\/\/ultratone.com.co\/wp-content\/uploads\/2025\/02\/Futura-Pro-2016-11.jpg 1500w, https:\/\/ultratone.com.co\/wp-content\/uploads\/2025\/02\/Futura-Pro-2016-11-300x86.jpg 300w, https:\/\/ultratone.com.co\/wp-content\/uploads\/2025\/02\/Futura-Pro-2016-11-1030x295.jpg 1030w, https:\/\/ultratone.com.co\/wp-content\/uploads\/2025\/02\/Futura-Pro-2016-11-768x220.jpg 768w, https:\/\/ultratone.com.co\/wp-content\/uploads\/2025\/02\/Futura-Pro-2016-11-705x202.jpg 705w\" sizes=\"(max-width: 1500px) 100vw, 1500px\" \/><\/div><\/li><\/ul><div class='avia-slideshow-arrows avia-slideshow-controls' ><a href='#prev' class='prev-slide ' aria-hidden='true' data-av_icon='\ue87c' data-av_iconfont='entypo-fontello'  tabindex='-1'>Previous<\/a><a href='#next' class='next-slide ' aria-hidden='true' data-av_icon='\ue87d' data-av_iconfont='entypo-fontello'  tabindex='-1'>Next<\/a><\/div><div class='avia-slideshow-dots avia-slideshow-controls'><a href='#1' class='goto-slide active' >1<\/a><a href='#2' class='goto-slide ' >2<\/a><a href='#3' class='goto-slide ' >3<\/a><a href='#4' class='goto-slide ' >4<\/a><a href='#5' class='goto-slide ' >5<\/a><a href='#6' class='goto-slide ' >6<\/a><a href='#7' class='goto-slide ' >7<\/a><\/div><\/div><\/div>\n<div id='av_section_1'  class='avia-section av-6r2zni-fa01ca491ddcf76a8f15e760fa851870 main_color avia-section-huge avia-no-border-styling  avia-builder-el-1  el_after_av_slideshow_full  el_before_av_section  avia-bg-style-scroll container_wrap fullsize'  ><div class='container av-section-cont-open' ><div class='template-page content  av-content-full alpha units'><div class='post-entry post-entry-type-page post-entry-206'><div class='entry-content-wrapper clearfix'>\n\n<style type=\"text\/css\" data-created_by=\"avia_inline_auto\" id=\"style-css-av-6ijs8m-f5fd4e333ef5b3f18d51812057dd1bf2\">\n#top .av-special-heading.av-6ijs8m-f5fd4e333ef5b3f18d51812057dd1bf2{\npadding-bottom:20px;\nfont-size:40px;\n}\nbody .av-special-heading.av-6ijs8m-f5fd4e333ef5b3f18d51812057dd1bf2 .av-special-heading-tag .heading-char{\nfont-size:25px;\n}\n#top #wrap_all .av-special-heading.av-6ijs8m-f5fd4e333ef5b3f18d51812057dd1bf2 .av-special-heading-tag{\nfont-size:40px;\n}\n.av-special-heading.av-6ijs8m-f5fd4e333ef5b3f18d51812057dd1bf2 .av-subheading{\nfont-size:15px;\n}\n\n@media only screen and (min-width: 480px) and (max-width: 767px){ \n#top #wrap_all .av-special-heading.av-6ijs8m-f5fd4e333ef5b3f18d51812057dd1bf2 .av-special-heading-tag{\nfont-size:0.8em;\n}\n}\n\n@media only screen and (max-width: 479px){ \n#top #wrap_all .av-special-heading.av-6ijs8m-f5fd4e333ef5b3f18d51812057dd1bf2 .av-special-heading-tag{\nfont-size:0.8em;\n}\n}\n<\/style>\n<div  class='av-special-heading av-6ijs8m-f5fd4e333ef5b3f18d51812057dd1bf2 av-special-heading-h1 blockquote modern-quote modern-centered  avia-builder-el-2  el_before_av_one_fifth  avia-builder-el-first  av-inherit-size'><h1 class='av-special-heading-tag '  itemprop=\"headline\"  >Tecnolog\u00eda inglesa para est\u00e9tica. \u00danicos certificados MDD. <\/h1><div class=\"special-heading-border\"><div class=\"special-heading-inner-border\"><\/div><\/div><\/div>\n\n<style type=\"text\/css\" data-created_by=\"avia_inline_auto\" id=\"style-css-av-6c8xkm-11c83deec5b498d7a54d3c4eadb2e713\">\n.flex_column.av-6c8xkm-11c83deec5b498d7a54d3c4eadb2e713{\nborder-radius:0px 0px 0px 0px;\npadding:0px 0px 0px 0px;\n}\n<\/style>\n<div  class='flex_column av-6c8xkm-11c83deec5b498d7a54d3c4eadb2e713 av_one_fifth  avia-builder-el-3  el_after_av_heading  el_before_av_three_fifth  first flex_column_div av-zero-column-padding  '     ><\/div>\n<style type=\"text\/css\" data-created_by=\"avia_inline_auto\" id=\"style-css-av-miguu-253fcec46b97a83d0c626e4e858ef024\">\n.flex_column.av-miguu-253fcec46b97a83d0c626e4e858ef024{\nborder-radius:0px 0px 0px 0px;\npadding:0px 0px 0px 0px;\n}\n<\/style>\n<div  class='flex_column av-miguu-253fcec46b97a83d0c626e4e858ef024 av_three_fifth  avia-builder-el-4  el_after_av_one_fifth  el_before_av_one_fifth  flex_column_div av-animated-generic bottom-to-top av-zero-column-padding  '     ><section  class='av_textblock_section av-61htm6-e0962f42d89420975bc49de0139d4fef '   itemscope=\"itemscope\" itemtype=\"https:\/\/schema.org\/CreativeWork\" ><div class='avia_textblock'  itemprop=\"text\" ><p style=\"text-align: center;\">\u00danico sistema de tratamiento integral.<\/p>\n<\/div><\/section><br \/>\n\n<style type=\"text\/css\" data-created_by=\"avia_inline_auto\" id=\"style-css-av-5v1ah2-28545bf1ba47acb0e5721734592545a7\">\n#top .hr.av-5v1ah2-28545bf1ba47acb0e5721734592545a7{\nmargin-top:70px;\nmargin-bottom:70px;\n}\n.hr.av-5v1ah2-28545bf1ba47acb0e5721734592545a7 .hr-inner{\nwidth:90px;\nmax-width:45%;\n}\n.hr.av-5v1ah2-28545bf1ba47acb0e5721734592545a7 .av-seperator-icon{\ncolor:#e7b8b8;\n}\n<\/style>\n<div  class='hr av-5v1ah2-28545bf1ba47acb0e5721734592545a7 hr-custom  avia-builder-el-6  el_after_av_textblock  avia-builder-el-last  hr-center hr-icon-yes'><span class='hr-inner inner-border-av-border-thin'><span class=\"hr-inner-style\"><\/span><\/span><span class='av-seperator-icon' aria-hidden='true' data-av_icon='\ue8b8' data-av_iconfont='entypo-fontello'><\/span><span class='hr-inner inner-border-av-border-thin'><span class=\"hr-inner-style\"><\/span><\/span><\/div><\/p><\/div>\n<style type=\"text\/css\" data-created_by=\"avia_inline_auto\" id=\"style-css-av-5n38mu-2492139f25c1e5296e9e5453dd4247c9\">\n.flex_column.av-5n38mu-2492139f25c1e5296e9e5453dd4247c9{\nborder-radius:0px 0px 0px 0px;\npadding:0px 0px 0px 0px;\n}\n<\/style>\n<div  class='flex_column av-5n38mu-2492139f25c1e5296e9e5453dd4247c9 av_one_fifth  avia-builder-el-7  el_after_av_three_fifth  el_before_av_one_full  flex_column_div av-zero-column-padding  '     ><\/div>\n<style type=\"text\/css\" data-created_by=\"avia_inline_auto\" id=\"style-css-av-5iq052-12f1f4c6c7e0a5f2d4dcb54bb6ab8bc7\">\n.flex_column.av-5iq052-12f1f4c6c7e0a5f2d4dcb54bb6ab8bc7{\nborder-radius:0px 0px 0px 0px;\npadding:0px 0px 0px 0px;\n}\n<\/style>\n<div  class='flex_column av-5iq052-12f1f4c6c7e0a5f2d4dcb54bb6ab8bc7 av_one_full  avia-builder-el-8  el_after_av_one_fifth  avia-builder-el-last  first flex_column_div av-animated-generic bottom-to-top av-zero-column-padding  column-top-margin'     ><style type=\"text\/css\" data-created_by=\"avia_inline_auto\" id=\"style-css-av-jbka6-f43667f3e74b22e271d2843646a772db\">\n.avia-image-container.av-jbka6-f43667f3e74b22e271d2843646a772db img.avia_image{\nbox-shadow:none;\n}\n.avia-image-container.av-jbka6-f43667f3e74b22e271d2843646a772db .av-image-caption-overlay-center{\ncolor:#ffffff;\n}\n<\/style>\n<div  class='avia-image-container av-jbka6-f43667f3e74b22e271d2843646a772db av-styling-no-styling av-hover-grow av-img-linked avia-align-center  avia-builder-el-9  avia-builder-el-no-sibling '   itemprop=\"image\" itemscope=\"itemscope\" itemtype=\"https:\/\/schema.org\/ImageObject\" ><div class=\"avia-image-container-inner\"><div class=\"avia-image-overlay-wrap\"><a href=\"https:\/\/ultratone.com.co\/index.php\/about\/\" class='avia_image '  aria-label='ultratone-large'><img decoding=\"async\" fetchpriority=\"high\" class='wp-image-483 avia-img-lazy-loading-not-483 avia_image ' src=\"https:\/\/ultratone.com.co\/wp-content\/uploads\/2025\/02\/ultratone-large.webp\" alt='' title='ultratone-large'  height=\"442\" width=\"1440\"  itemprop=\"thumbnailUrl\" srcset=\"https:\/\/ultratone.com.co\/wp-content\/uploads\/2025\/02\/ultratone-large.webp 1440w, https:\/\/ultratone.com.co\/wp-content\/uploads\/2025\/02\/ultratone-large-300x92.webp 300w, https:\/\/ultratone.com.co\/wp-content\/uploads\/2025\/02\/ultratone-large-1030x316.webp 1030w, https:\/\/ultratone.com.co\/wp-content\/uploads\/2025\/02\/ultratone-large-768x236.webp 768w, https:\/\/ultratone.com.co\/wp-content\/uploads\/2025\/02\/ultratone-large-705x216.webp 705w\" sizes=\"(max-width: 1440px) 100vw, 1440px\" \/><\/a><\/div><\/div><\/div><\/div>\n\n<\/div><\/div><\/div><!-- close content main div --><\/div><\/div>\n<style type=\"text\/css\" data-created_by=\"avia_inline_auto\" id=\"style-css-av-3k6v6u-3e01b4d1102d1937bb5510b6cb3290c5\">\n.avia-section.av-3k6v6u-3e01b4d1102d1937bb5510b6cb3290c5{\nbackground-color:#001d75;\nbackground-image:unset;\n}\n<\/style>\n<div id='av_section_2'  class='avia-section av-3k6v6u-3e01b4d1102d1937bb5510b6cb3290c5 main_color avia-section-large avia-no-border-styling  avia-builder-el-10  el_after_av_section  avia-builder-el-last  avia-bg-style-scroll container_wrap fullsize'  ><div class='container av-section-cont-open' ><div class='template-page content  av-content-full alpha units'><div class='post-entry post-entry-type-page post-entry-206'><div class='entry-content-wrapper clearfix'>\n\n<style type=\"text\/css\" data-created_by=\"avia_inline_auto\" id=\"style-css-av-3g2b72-ede6770c69645dbf0f736c6f57b28239\">\n.flex_column.av-3g2b72-ede6770c69645dbf0f736c6f57b28239{\nborder-radius:0px 0px 0px 0px;\npadding:0px 0px 0px 0px;\n}\n<\/style>\n<div  class='flex_column av-3g2b72-ede6770c69645dbf0f736c6f57b28239 av_one_fifth  avia-builder-el-11  el_before_av_three_fifth  avia-builder-el-first  first flex_column_div av-zero-column-padding  '     ><\/div>\n<style type=\"text\/css\" data-created_by=\"avia_inline_auto\" id=\"style-css-av-39il32-9454f8ee8039430a14afc599bfab3556\">\n.flex_column.av-39il32-9454f8ee8039430a14afc599bfab3556{\nborder-radius:0px 0px 0px 0px;\npadding:0px 0px 0px 0px;\n}\n<\/style>\n<div  class='flex_column av-39il32-9454f8ee8039430a14afc599bfab3556 av_three_fifth  avia-builder-el-12  el_after_av_one_fifth  el_before_av_one_fifth  flex_column_div av-animated-generic bottom-to-top av-zero-column-padding  '     ><p>\n<style type=\"text\/css\" data-created_by=\"avia_inline_auto\" id=\"style-css-av-2zy3um-b1c5da2adb58762ae0531d63da3d587b\">\n#top .av-special-heading.av-2zy3um-b1c5da2adb58762ae0531d63da3d587b{\npadding-bottom:20px;\ncolor:#ffffff;\nfont-size:25px;\n}\nbody .av-special-heading.av-2zy3um-b1c5da2adb58762ae0531d63da3d587b .av-special-heading-tag .heading-char{\nfont-size:25px;\n}\n#top #wrap_all .av-special-heading.av-2zy3um-b1c5da2adb58762ae0531d63da3d587b .av-special-heading-tag{\nfont-size:25px;\n}\n.av-special-heading.av-2zy3um-b1c5da2adb58762ae0531d63da3d587b .special-heading-inner-border{\nborder-color:#ffffff;\n}\n.av-special-heading.av-2zy3um-b1c5da2adb58762ae0531d63da3d587b .av-subheading{\nfont-size:15px;\n}\n\n@media only screen and (min-width: 480px) and (max-width: 767px){ \n#top #wrap_all .av-special-heading.av-2zy3um-b1c5da2adb58762ae0531d63da3d587b .av-special-heading-tag{\nfont-size:0.8em;\n}\n}\n\n@media only screen and (max-width: 479px){ \n#top #wrap_all .av-special-heading.av-2zy3um-b1c5da2adb58762ae0531d63da3d587b .av-special-heading-tag{\nfont-size:0.8em;\n}\n}\n<\/style>\n<div  class='av-special-heading av-2zy3um-b1c5da2adb58762ae0531d63da3d587b av-special-heading-h1 custom-color-heading blockquote modern-quote modern-centered  avia-builder-el-13  el_before_av_contact  avia-builder-el-first  av-inherit-size'><h1 class='av-special-heading-tag '  itemprop=\"headline\"  >Solicita asesor\u00eda<\/h1><div class=\"special-heading-border\"><div class=\"special-heading-inner-border\"><\/div><\/div><\/div><br \/>\n<form action=\"https:\/\/ultratone.com.co\/\" method=\"post\" data-fields-with-error=\"Found errors in the following field(s):\" class=\"avia_ajax_form av-form-labels-hidden   avia-builder-el-14  el_after_av_heading  avia-builder-el-last  av-centered-form  av-custom-form-color av-light-form \" data-avia-form-id=\"1\" data-avia-redirect=''  aria-label='Contact Form' ><fieldset><p class='  first_form  form_element form_element_third' id='element_avia_1_1'><label for=\"avia_1_1\">Nombre <abbr class=\"required\" title=\"required\">*<\/abbr><\/label> <input name=\"avia_1_1\" class=\"text_input is_empty\" type=\"text\" id=\"avia_1_1\" value=\"\"  placeholder='Nombre*'\/><\/p><p class='  form_element form_element_third' id='element_avia_2_1'><label for=\"avia_2_1\">E-Mail <abbr class=\"required\" title=\"required\">*<\/abbr><\/label> <input name=\"avia_2_1\" class=\"text_input is_email\" type=\"text\" id=\"avia_2_1\" value=\"\"  placeholder='E-Mail*'\/><\/p><p class='  form_element form_element_third' id='element_avia_3_1'><label for=\"avia_3_1\">Tel\u00e9fono <abbr class=\"required\" title=\"required\">*<\/abbr><\/label> <input name=\"avia_3_1\" class=\"text_input is_empty\" type=\"text\" id=\"avia_3_1\" value=\"\"  placeholder='Tel\u00e9fono*'\/><\/p><p class='  first_form  form_element form_fullwidth av-last-visible-form-element' id='element_avia_4_1'><label for=\"avia_4_1\" class=\"textare_label hidden textare_label_avia_4_1\">Mensaje<\/label><textarea  placeholder='Mensaje' name=\"avia_4_1\" class=\"text_area \" cols=\"40\" rows=\"7\" id=\"avia_4_1\" ><\/textarea><\/p><p class=\"hidden\"><input type=\"text\" name=\"avia_5_1\" class=\"hidden \" id=\"avia_5_1\" value=\"\" \/><\/p><p class=\"form_element \"><input type=\"hidden\" value=\"1\" name=\"avia_generated_form1\" \/><input type=\"submit\" value=\"Enviar mensaje\" class=\"button\"  data-sending-label=\"Sending\"\/><\/p><\/fieldset><\/form><div id=\"ajaxresponse_1\" class=\"ajaxresponse ajaxresponse_1 hidden\"><\/div><\/p><\/div>\n<style type=\"text\/css\" data-created_by=\"avia_inline_auto\" id=\"style-css-av-2cey5y-34c3f027eb1ada9db4b703f2a6b43ddc\">\n.flex_column.av-2cey5y-34c3f027eb1ada9db4b703f2a6b43ddc{\nborder-radius:0px 0px 0px 0px;\npadding:0px 0px 0px 0px;\n}\n<\/style>\n<div  class='flex_column av-2cey5y-34c3f027eb1ada9db4b703f2a6b43ddc av_one_fifth  avia-builder-el-15  el_after_av_three_fifth  avia-builder-el-last  flex_column_div av-zero-column-padding  '     ><\/div>\n\n","protected":false},"excerpt":{"rendered":"","protected":false},"author":1,"featured_media":0,"parent":0,"menu_order":0,"comment_status":"open","ping_status":"closed","template":"","meta":{"footnotes":""},"class_list":["post-206","page","type-page","status-publish","hentry"],"_links":{"self":[{"href":"https:\/\/ultratone.com.co\/index.php\/wp-json\/wp\/v2\/pages\/206","targetHints":{"allow":["GET"]}}],"collection":[{"href":"https:\/\/ultratone.com.co\/index.php\/wp-json\/wp\/v2\/pages"}],"about":[{"href":"https:\/\/ultratone.com.co\/index.php\/wp-json\/wp\/v2\/types\/page"}],"author":[{"embeddable":true,"href":"https:\/\/ultratone.com.co\/index.php\/wp-json\/wp\/v2\/users\/1"}],"replies":[{"embeddable":true,"href":"https:\/\/ultratone.com.co\/index.php\/wp-json\/wp\/v2\/comments?post=206"}],"version-history":[{"count":9,"href":"https:\/\/ultratone.com.co\/index.php\/wp-json\/wp\/v2\/pages\/206\/revisions"}],"predecessor-version":[{"id":501,"href":"https:\/\/ultratone.com.co\/index.php\/wp-json\/wp\/v2\/pages\/206\/revisions\/501"}],"wp:attachment":[{"href":"https:\/\/ultratone.com.co\/index.php\/wp-json\/wp\/v2\/media?parent=206"}],"curies":[{"name":"wp","href":"https:\/\/api.w.org\/{rel}","templated":true}]}}